{"id":2616,"date":"2013-08-29T11:47:16","date_gmt":"2013-08-29T09:47:16","guid":{"rendered":"http:\/\/www.rcmarketing.it\/logon\/?page_id=2616"},"modified":"2020-03-06T17:09:08","modified_gmt":"2020-03-06T15:09:08","slug":"xgla4-software-gestionale-con-sistema-modulare","status":"publish","type":"page","link":"https:\/\/www.logon.it\/gestionale\/xgla4-software-gestionale-con-sistema-modulare\/","title":{"rendered":"XGLA\/4 software gestionale con sistema modulare"},"content":{"rendered":"<section class=\"av_textblock_section \"  itemscope=\"itemscope\" itemtype=\"https:\/\/schema.org\/CreativeWork\" ><div class='avia_textblock  '   itemprop=\"text\" ><h2><\/h2>\n<h2><img loading=\"lazy\" class=\"alignnone size-full wp-image-2617\" src=\"https:\/\/www.logon.it\/wp-content\/uploads\/2013\/08\/xgla-alle1.jpg\" alt=\"xgla-alle\" width=\"1000\" height=\"417\" srcset=\"https:\/\/www.logon.it\/gestionale\/wp-content\/uploads\/2013\/08\/xgla-alle1.jpg 1000w, https:\/\/www.logon.it\/gestionale\/wp-content\/uploads\/2013\/08\/xgla-alle1-300x125.jpg 300w, https:\/\/www.logon.it\/gestionale\/wp-content\/uploads\/2013\/08\/xgla-alle1-450x187.jpg 450w\" sizes=\"(max-width: 1000px) 100vw, 1000px\" \/><\/h2>\n<h2>XGLA\/4 Software gestionale<\/h2>\n<h3>Da 30 anni nel segno del cubo magico<\/h3>\n<p><strong>L&#8217;elaborazione elettronica dei dati \u00e8 diventata una componente strategica della gestione aziendale. Quando si tratta del rispetto dei termini di consegna, della minimizzazione degli errori di calcolo, del costante aggiornamento del magazzino, del puntuale e preciso rifornimento della produzione con la merce giusta, ci\u00f2 di cui si ha bisogno \u00e8 un sistema informativo in grado di gestire tutte queste esigenze e tutti questi diversi aspetti dei vari processi aziendali. Inoltre ogni azienda \u00e8 differente ed ha esigenze diverse. La LOGon si dedica da 30 anni all&#8217;interconnessione tra i dati tecnici dei singoli reparti e l&#8217;elaborazione centrale di tutte le informazioni. LOGon si \u00e8 ispirata al principio del cubo magico e fa in modo che ogni informazione giunga esattamente l\u00ec dove serve.<\/strong><\/p>\n<p><strong>\u00a0<\/strong><strong><img loading=\"lazy\" class=\"alignnone size-full wp-image-2629\" src=\"https:\/\/www.logon.it\/wp-content\/uploads\/2013\/09\/lorenz21.jpg\" alt=\"lorenz2\" width=\"1000\" height=\"500\" \/><\/strong><\/p>\n<\/div><\/section>\n<div class='flex_column av-av_one_half-2a9015ff38129c418a3f2eafba3e9512 av_one_half  avia-builder-el-1  el_after_av_textblock  el_before_av_one_half  first flex_column_div column-top-margin'   ><style type=\"text\/css\" data-created_by=\"avia_inline_auto\" id=\"style-css-av-av_heading-228998177b568369bf9dc98929b59982\">\n#top .av-special-heading.av-av_heading-228998177b568369bf9dc98929b59982{\npadding-bottom:10px;\n}\n<\/style>\n<div  class='av-special-heading av-av_heading-228998177b568369bf9dc98929b59982 av-special-heading-h3  avia-builder-el-2  el_before_av_textblock  avia-builder-el-first  '><h3 class='av-special-heading-tag '  itemprop=\"headline\"  >Esigenze e sviluppo<\/h3><div class='special-heading-border'><div class='special-heading-inner-border'><\/div><\/div><\/div>\n<p><section class=\"av_textblock_section \"  itemscope=\"itemscope\" itemtype=\"https:\/\/schema.org\/CreativeWork\" ><div class='avia_textblock  '   itemprop=\"text\" ><p>Il Software LOGon-XGLA\/4 \u00e8 stato sviluppato in maniera completamente autonoma, ponendo un\u2019attenzione particolare soprattutto alla facilit\u00e0 d&#8217;utilizzo, alla modularit\u00e0 della struttura ed alla possibilit\u00e0 di un adattamento flessibile alle esigenze dell\u2019utente.<\/p>\n<p>Oltre 1.000 utenti di questo software, tra i quali non solo molte piccole imprese, ma anche un gigante mondiale nel settore delle vacanze come il tour operator \u201cThomas Cook\u201d (Neckermann), sottolineano la competenza della LOGon nella soluzione dei problemi ed hanno reso il software amministrativo della LOGon un vero e proprio standard, in grado di soddisfare tutte le esigenze delle varie aziende basandosi su una struttura modulare integrabile nel tempo.<\/p>\n<\/div><\/section><br \/>\n\n<style type=\"text\/css\" data-created_by=\"avia_inline_auto\" id=\"style-css-av-av_heading-fec30020652c0ea4bcb6b5a8675d173f\">\n#top .av-special-heading.av-av_heading-fec30020652c0ea4bcb6b5a8675d173f{\npadding-bottom:10px;\n}\n<\/style>\n<div  class='av-special-heading av-av_heading-fec30020652c0ea4bcb6b5a8675d173f av-special-heading-h3  avia-builder-el-4  el_after_av_textblock  el_before_av_textblock  '><h3 class='av-special-heading-tag '  itemprop=\"headline\"  >Sistemi software per il futuro<\/h3><div class='special-heading-border'><div class='special-heading-inner-border'><\/div><\/div><\/div><br \/>\n<section class=\"av_textblock_section \"  itemscope=\"itemscope\" itemtype=\"https:\/\/schema.org\/CreativeWork\" ><div class='avia_textblock  '   itemprop=\"text\" ><p>La versione base \u00a0XGLA\/4 funziona su PC singoli, con risorse di hardware minime e in reti contenute.\u00a0 Per sistemi con un maggior numero di postazioni ed esigenze di gestione di risorse\u00a0pi\u00f9 ampie, XGLA\/4 pu\u00f2 essere progressivamente implementato fino a diventare un programma di gestione dati anche molto complesso.<\/p>\n<p>Il sistema modulare Client\/Server \u00e8 in grado di far fronte ai requisiti pi\u00f9 avanzati. Il sistema \u00e8 ampliabile e pu\u00f2 essere usato sia su singole postazioni dotate di hardware adeguato come anche in reti di medie e grandi dimensioni. La tecnologia utilizzata garantisce prestazioni elevate, con un carico di rete minimo\u00a0ed una sicurezza dei dati massima. Inoltre possono essere collegati al sistema centrale dell&#8217;azienda sistemi esterni mobili molto flessibili, dato che ad ogni inserimento di nuovi dati nel sistema, viene effettuata una completa sincronizzazione dei dati stessi.<\/p>\n<p>La tecnologia stratificata consente la connessione di sezioni esterne, come il magazzino o eventuali filiali, attraverso un unico canale dati. Il controllo dell&#8217;integrazione dei dati viene svolto dalle diverse sezioni per tenere bassa la prestazione del canale dati. Per il sistema gestionale LOGon la tecnologia Windows riveste un ruolo molto importante. La conformazione intelligente del programma viene supportata da una moderna interfaccia e da una flessibile struttura a finestre, che consente l&#8217;esecuzione contemporanea di diverse applicazioni.<\/p>\n<\/div><\/section><\/p><\/div>\n<div class='flex_column av-av_one_half-61f1f3fb8a14755dafdb04b8bcedc67a av_one_half  avia-builder-el-6  el_after_av_one_half  el_before_av_one_half  flex_column_div column-top-margin'   ><p>\n<style type=\"text\/css\" data-created_by=\"avia_inline_auto\" id=\"style-css-av-av_heading-7012252b02942261b8e4fe762cc6338d\">\n#top .av-special-heading.av-av_heading-7012252b02942261b8e4fe762cc6338d{\npadding-bottom:10px;\n}\n<\/style>\n<div  class='av-special-heading av-av_heading-7012252b02942261b8e4fe762cc6338d av-special-heading-h3  avia-builder-el-7  el_before_av_textblock  avia-builder-el-first  '><h3 class='av-special-heading-tag '  itemprop=\"headline\"  >Le soluzioni di settore LOGon <\/h3><div class='special-heading-border'><div class='special-heading-inner-border'><\/div><\/div><\/div><br \/>\n<section class=\"av_textblock_section \"  itemscope=\"itemscope\" itemtype=\"https:\/\/schema.org\/CreativeWork\" ><div class='avia_textblock  '   itemprop=\"text\" ><p>Le soluzioni settoriali LOGon XGLA\/4 sono state\u00a0da noi\u00a0sviluppate per i necessari\u00a0processi aziendali di imprese impegnate in vari settori. Siamo in continuo contatto con i nostri clienti ed elaboriamo costantemente le proposte di miglioramento da essi suggerite.<\/p>\n<p>Le soluzioni di sistema della LOGon devono essere in grado di assicurare agli utenti\u00a0una rapida redditivit\u00e0 degli investimenti, e di rafforzarne la posizione sul mercato. Per LOGon non \u00e8 sufficiente la semplice installazione di soluzioni di sistema; queste devono essere integrate nei processi aziendali ed essere accettate ed utilizzate senza difficolt\u00e0 da tutti i collaboratori. Per questa ragione la ditta LOGon attribuisce una particolare importanza anche \u00a0alla formazione del personale, e dispone di un&#8217;ampia offerta di corsi.<\/p>\n<\/div><\/section><br \/>\n\n<style type=\"text\/css\" data-created_by=\"avia_inline_auto\" id=\"style-css-av-av_heading-58e01eec492561d5663fa00a8eecd3ea\">\n#top .av-special-heading.av-av_heading-58e01eec492561d5663fa00a8eecd3ea{\npadding-bottom:10px;\n}\n<\/style>\n<div  class='av-special-heading av-av_heading-58e01eec492561d5663fa00a8eecd3ea av-special-heading-h3  avia-builder-el-9  el_after_av_textblock  el_before_av_textblock  '><h3 class='av-special-heading-tag '  itemprop=\"headline\"  >Inserimento graduale &#8211; cambiamento progressivo<\/h3><div class='special-heading-border'><div class='special-heading-inner-border'><\/div><\/div><\/div><br \/>\n<section class=\"av_textblock_section \"  itemscope=\"itemscope\" itemtype=\"https:\/\/schema.org\/CreativeWork\" ><div class='avia_textblock  '   itemprop=\"text\" ><p>Molte imprese preferiscono un passaggio graduale all\u2019elaborazione elettronica dei dati o si affidano, di volta in volta, a sistemi diversi per le diverse esigenze. Il coinvolgimento di consulenti esterni o lo svolgimento di servizi esterni all\u2019azienda pu\u00f2 comportare, ad esempio, che non tutti i dati riguardanti i diversi settori (merceologico, contabile, gestionale ed organizzativo dell&#8217;azienda) vengano elaborati centralmente dall\u2019azienda stessa. Il software LOGon XGLA4 \u00e8 programmato in modo tale che tutti i dati possano essere in esso acquisiti, senza particolari difficolt\u00e0, a partire dai diversi sistemi di elaborazione elettronica attualmente in uso.<\/p>\n<p><b>Le esigenze di gestione dati \u2013 molteplici come le realt\u00e0 aziendali<\/b><\/p>\n<p>In molte imprese \u00e8 importante l&#8217;amministrazione del magazzino, altre hanno bisogno di strumenti efficienti nel settore del calcolo. Alcuni dei nostri clienti attribuiscono molta importanza all&#8217;evasione elettronica degli ordini da parte degli operatori esterni o alla gestione dei clienti pi\u00f9 importanti, altri necessitano solamente di razionalizzare la stesura dei diversi documenti e di eliminare le fonti d&#8217;errore.<\/p>\n<\/div><\/section><\/p><\/div>\n<div class='flex_column av-av_one_half-2a9015ff38129c418a3f2eafba3e9512 av_one_half  avia-builder-el-11  el_after_av_one_half  el_before_av_one_half  first flex_column_div column-top-margin'   ><style type=\"text\/css\" data-created_by=\"avia_inline_auto\" id=\"style-css-av-av_heading-fad38b6e84c506044bc72fcfbc8b1f08\">\n#top .av-special-heading.av-av_heading-fad38b6e84c506044bc72fcfbc8b1f08{\npadding-bottom:10px;\n}\n<\/style>\n<div  class='av-special-heading av-av_heading-fad38b6e84c506044bc72fcfbc8b1f08 av-special-heading-h3  avia-builder-el-12  el_before_av_textblock  avia-builder-el-first  '><h3 class='av-special-heading-tag '  itemprop=\"headline\"  >Requisiti<\/h3><div class='special-heading-border'><div class='special-heading-inner-border'><\/div><\/div><\/div>\n<section class=\"av_textblock_section \"  itemscope=\"itemscope\" itemtype=\"https:\/\/schema.org\/CreativeWork\" ><div class='avia_textblock  '   itemprop=\"text\" ><p>Il software\u00a0LOGon funziona su tutti i pi\u00f9 diffusi PC, ed \u00e8 utilizzabile in rete, ma anche su\u00a0singoli\u00a0PC. L&#8217; installazione \u00e8 anche possiblie su Mac con partizioni Windows. Se necessario forniamo anche l&#8217;hardware adatto (PC, schermi&#8230;) ai nostri sistemi.<\/p>\n<p><strong>Numerosi corsi di formazione<\/strong><\/p>\n<p>Il software\u00a0LOGon\u00a0\u00e8 di facile ed intuitivo utilizzo. In caso di necessit\u00e0, veniamo anche direttamente in azienda per facilitare ulteriormente la formazione. Richiedeteci un&#8217;offerta al riguardo.<\/p>\n<\/div><\/section><\/div>\n<div class='flex_column av-av_one_half-61f1f3fb8a14755dafdb04b8bcedc67a av_one_half  avia-builder-el-14  el_after_av_one_half  el_before_av_hr  flex_column_div column-top-margin'   ><style type=\"text\/css\" data-created_by=\"avia_inline_auto\" id=\"style-css-av-av_heading-37bb2f436c2db580892089cef82fddf2\">\n#top .av-special-heading.av-av_heading-37bb2f436c2db580892089cef82fddf2{\npadding-bottom:10px;\n}\n<\/style>\n<div  class='av-special-heading av-av_heading-37bb2f436c2db580892089cef82fddf2 av-special-heading-h3  avia-builder-el-15  el_before_av_textblock  avia-builder-el-first  '><h3 class='av-special-heading-tag '  itemprop=\"headline\"  >Highlights<\/h3><div class='special-heading-border'><div class='special-heading-inner-border'><\/div><\/div><\/div>\n<section class=\"av_textblock_section \"  itemscope=\"itemscope\" itemtype=\"https:\/\/schema.org\/CreativeWork\" ><div class='avia_textblock  '   itemprop=\"text\" ><p>Il software amministrativo della LOGon fa fronte a tutte le esigenze. \u00a0I programmi XGLA\/4 sono basati su moduli, cosicch\u00e9 pu\u00f2 essere acquistata solamente la parte di software ritenuta in un dato momento necessaria. Naturalmente \u00e8 possibile effettuare in seguito ogni eventuale integrazione. In questo modo si pu\u00f2 dedicare rapidamente la necessaria attenzione alle esigenze in costante trasformazione di un\u2019azienda, anche in maniera economicamente vantaggiosa.<\/p>\n<\/div><\/section><\/div>\n<div  class='hr av-av_hr-d3021aff4e2c88ff75459fd6b3a45a12 hr-default  avia-builder-el-17  el_after_av_one_half  el_before_av_icon_box  '><span class='hr-inner '><span class=\"hr-inner-style\"><\/span><\/span><\/div>\n<article  class=\"iconbox iconbox_left av-av_icon_box-b8208c78ab37fbc0a8dcf1b98368576c  avia-builder-el-18  el_after_av_hr  avia-builder-el-last  \"  itemscope=\"itemscope\" itemtype=\"https:\/\/schema.org\/CreativeWork\" ><div class=\"iconbox_content\"><header class=\"entry-content-header\"><div class=\"iconbox_icon heading-color\" aria-hidden='true' data-av_icon='\ue854' data-av_iconfont='entypo-fontello'><\/div><h3 class='iconbox_content_title  '  itemprop=\"headline\" ><a href='https:\/\/www.logon.it\/kontakt\/' title='Interessato? Contattaci qui senza impegno!'  >Interessato? Contattaci qui senza impegno!<\/a><\/h3><\/header><div class='iconbox_content_container  '  itemprop=\"text\" ><p>Tramite domanda o telefono.<\/p>\n<\/div><\/div><footer class=\"entry-footer\"><\/footer><\/article>\n","protected":false},"excerpt":{"rendered":"","protected":false},"author":1,"featured_media":0,"parent":0,"menu_order":0,"comment_status":"closed","ping_status":"closed","template":"","meta":{"_bbp_topic_count":0,"_bbp_reply_count":0,"_bbp_total_topic_count":0,"_bbp_total_reply_count":0,"_bbp_voice_count":0,"_bbp_anonymous_reply_count":0,"_bbp_topic_count_hidden":0,"_bbp_reply_count_hidden":0,"_bbp_forum_subforum_count":0},"_links":{"self":[{"href":"https:\/\/www.logon.it\/gestionale\/wp-json\/wp\/v2\/pages\/2616"}],"collection":[{"href":"https:\/\/www.logon.it\/gestionale\/wp-json\/wp\/v2\/pages"}],"about":[{"href":"https:\/\/www.logon.it\/gestionale\/wp-json\/wp\/v2\/types\/page"}],"author":[{"embeddable":true,"href":"https:\/\/www.logon.it\/gestionale\/wp-json\/wp\/v2\/users\/1"}],"replies":[{"embeddable":true,"href":"https:\/\/www.logon.it\/gestionale\/wp-json\/wp\/v2\/comments?post=2616"}],"version-history":[{"count":25,"href":"https:\/\/www.logon.it\/gestionale\/wp-json\/wp\/v2\/pages\/2616\/revisions"}],"predecessor-version":[{"id":3648,"href":"https:\/\/www.logon.it\/gestionale\/wp-json\/wp\/v2\/pages\/2616\/revisions\/3648"}],"wp:attachment":[{"href":"https:\/\/www.logon.it\/gestionale\/wp-json\/wp\/v2\/media?parent=2616"}],"curies":[{"name":"wp","href":"https:\/\/api.w.org\/{rel}","templated":true}]}}