{"id":2991,"date":"2013-10-15T06:43:44","date_gmt":"2013-10-15T04:43:44","guid":{"rendered":"http:\/\/www.logon.it\/?page_id=2991"},"modified":"2021-08-23T14:04:22","modified_gmt":"2021-08-23T12:04:22","slug":"teleriscaldamento","status":"publish","type":"page","link":"https:\/\/www.logon.it\/gestionale\/xgla4-software-gestionale-con-sistema-modulare\/teleriscaldamento\/","title":{"rendered":"XGLA\/4 Teleriscaldamento"},"content":{"rendered":"<section class=\"av_textblock_section \"  itemscope=\"itemscope\" itemtype=\"https:\/\/schema.org\/CreativeWork\" ><div class='avia_textblock  '   itemprop=\"text\" ><h2><\/h2>\n<p><img loading=\"lazy\" class=\"alignnone wp-image-2491\" src=\"https:\/\/www.logon.it\/wp-content\/uploads\/2020\/12\/caloris1.jpg\" alt=\"xgla-fibu-software\" width=\"1000\" height=\"500\" \/><\/p>\n<h2>XGLA\/4 caloris &#8211; Software per il teleriscaldamento<\/h2>\n<h3>Fatturazione completamente sotto controllo<\/h3>\n<p><strong>XGLA\/4 caloris \u00e8 un software per i servizi di fatturazione negli impianti di teleriscaldamento che \u00e8 stato provato e testato per 20 anni. Utilizzato da piccole, medie e grandi aziende, convince per la sua adattabilit\u00e0 individuale e copre tutte le aree di servizio che ci si aspetta da un software specializzato: gestisce i contratti, i modelli di contatori comuni, registra le letture, \u00e8 compatibile con il software di visualizzazione aqo360\u00b0 di aqotec, scrive le fatture e controlla i pagamenti, crea statistiche significative &#8230; in breve, non lascia nulla a desiderare e ci si pu\u00f2 fare affidamento.<\/strong><\/p>\n<\/div><\/section>\n\n<style type=\"text\/css\" data-created_by=\"avia_inline_auto\" id=\"style-css-av-3kgz7z-85778515ad8b68e9eb304f5cb933b5e4\">\n.flex_column.av-3kgz7z-85778515ad8b68e9eb304f5cb933b5e4{\nborder-radius:0px 0px 0px 0px;\n-webkit-border-radius:0px 0px 0px 0px;\n-moz-border-radius:0px 0px 0px 0px;\n}\n<\/style>\n<div class='flex_column av-3kgz7z-85778515ad8b68e9eb304f5cb933b5e4 av_one_half  avia-builder-el-1  el_after_av_textblock  el_before_av_one_half  first flex_column_div av-zero-column-padding column-top-margin'   ><p>\n<style type=\"text\/css\" data-created_by=\"avia_inline_auto\" id=\"style-css-av-ksofp5na-e81c58c62f5758a416a7b8daa1431aa4\">\n#top .av-special-heading.av-ksofp5na-e81c58c62f5758a416a7b8daa1431aa4{\npadding-bottom:10px;\n}\n<\/style>\n<div  class='av-special-heading av-ksofp5na-e81c58c62f5758a416a7b8daa1431aa4 av-special-heading-h3  avia-builder-el-2  el_before_av_textblock  avia-builder-el-first  '><h3 class='av-special-heading-tag '  itemprop=\"headline\"  >Cosa pu\u00f2 fare XGLA\/4 caloris<\/h3><div class='special-heading-border'><div class='special-heading-inner-border'><\/div><\/div><\/div><br \/>\n<section class=\"av_textblock_section \"  itemscope=\"itemscope\" itemtype=\"https:\/\/schema.org\/CreativeWork\" ><div class='avia_textblock  '   itemprop=\"text\" ><p>Gestione dei contratti:<\/p>\n<ul>\n<li>Assegnazione di singole fatture a diversi clienti<\/li>\n<li>Gestione dei destinatari delle bollette e degli indirizzi postali su contratti e clienti (per amministratori di condominio)<\/li>\n<li>Prezzi diversi per membri e non membri<\/li>\n<li>Gestione del prezzo di affitto, del prezzo di misurazione e del prezzo dell&#8217;energia &#8211; con scalatura<\/li>\n<li>Calcolo dell&#8217;acquisto minimo<\/li>\n<li>Gestione di diverse zone e classi<\/li>\n<li>Gestione dei membri \/ non membri<\/li>\n<li>Cambio del contatore su contratto esistente<\/li>\n<li>Gestione di modelli di contatori comuni con contatore principale e secondario, assegnazione del consumo in diverse varianti<\/li>\n<\/ul>\n<\/div><\/section><br \/>\n<section class=\"av_textblock_section \"  itemscope=\"itemscope\" itemtype=\"https:\/\/schema.org\/CreativeWork\" ><div class='avia_textblock  '   itemprop=\"text\" ><p>Gestione di modelli di contatori comuni con contatore principale e secondario, assegnazione del consumo in diverse varianti<\/p>\n<\/div><\/section><br \/>\n<section class=\"av_textblock_section \"  itemscope=\"itemscope\" itemtype=\"https:\/\/schema.org\/CreativeWork\" ><div class='avia_textblock  '   itemprop=\"text\" ><p>Registrazione di tutte le letture su contatori o contratti<\/p>\n<\/div><\/section><br \/>\n<section class=\"av_textblock_section \"  itemscope=\"itemscope\" itemtype=\"https:\/\/schema.org\/CreativeWork\" ><div class='avia_textblock  '   itemprop=\"text\" ><p>Fatturazione via KWh, quantit\u00e0 di flusso con temperatura di ritorno<\/p>\n<\/div><\/section><\/p><\/div>\n\n<style type=\"text\/css\" data-created_by=\"avia_inline_auto\" id=\"style-css-av-2wy53z-b3d744bdd479328738583244f5ffbe59\">\n.flex_column.av-2wy53z-b3d744bdd479328738583244f5ffbe59{\nborder-radius:0px 0px 0px 0px;\n-webkit-border-radius:0px 0px 0px 0px;\n-moz-border-radius:0px 0px 0px 0px;\n}\n<\/style>\n<div class='flex_column av-2wy53z-b3d744bdd479328738583244f5ffbe59 av_one_half  avia-builder-el-7  el_after_av_one_half  el_before_av_heading  flex_column_div av-zero-column-padding column-top-margin'   ><p><section class=\"av_textblock_section \"  itemscope=\"itemscope\" itemtype=\"https:\/\/schema.org\/CreativeWork\" ><div class='avia_textblock  '   itemprop=\"text\" ><p>Interfaccia per l&#8217;importazione automatica delle letture dal database aqotec<\/p>\n<\/div><\/section><br \/>\n<section class=\"av_textblock_section \"  itemscope=\"itemscope\" itemtype=\"https:\/\/schema.org\/CreativeWork\" ><div class='avia_textblock  '   itemprop=\"text\" ><p>Fatturazione automatica dei contratti, con controllo delle letture<\/p>\n<\/div><\/section><br \/>\n<section class=\"av_textblock_section \"  itemscope=\"itemscope\" itemtype=\"https:\/\/schema.org\/CreativeWork\" ><div class='avia_textblock  '   itemprop=\"text\" ><p>Creazione di varie valutazioni e statistiche &#8220;Carbontax&#8221; (necessaria solo in Italia)<\/p>\n<ul>\n<li>Assegnazione di singole fatture a diversi clienti<\/li>\n<li>Consumo annuale per connessione<\/li>\n<li>Consumo secondo le classi\/zone<\/li>\n<li>Consumo secondo i membri\/non membri<\/li>\n<\/ul>\n<\/div><\/section><br \/>\n<section class=\"av_textblock_section \"  itemscope=\"itemscope\" itemtype=\"https:\/\/schema.org\/CreativeWork\" ><div class='avia_textblock  '   itemprop=\"text\" ><p>Fornitura di file per la segnalazione telematica<\/p>\n<\/div><\/section><br \/>\n<section class=\"av_textblock_section \"  itemscope=\"itemscope\" itemtype=\"https:\/\/schema.org\/CreativeWork\" ><div class='avia_textblock  '   itemprop=\"text\" ><p>Preparazione di offerte e ordini<\/p>\n<\/div><\/section><br \/>\n<section class=\"av_textblock_section \"  itemscope=\"itemscope\" itemtype=\"https:\/\/schema.org\/CreativeWork\" ><div class='avia_textblock  '   itemprop=\"text\" ><p>Creazione di fatture per servizi, documenti di trasporto, fatture su materiale (scambiatori di calore, ecc.)<\/p>\n<\/div><\/section><br \/>\n<section class=\"av_textblock_section \"  itemscope=\"itemscope\" itemtype=\"https:\/\/schema.org\/CreativeWork\" ><div class='avia_textblock  '   itemprop=\"text\" ><p>Gestione delle partite aperte per le fatture &#8211; i solleciti di pagamento possono essere generati direttamente dai dati della fatturazione<\/p>\n<\/div><\/section><\/p><\/div>\n\n<style type=\"text\/css\" data-created_by=\"avia_inline_auto\" id=\"style-css-av-ksolbdot-e1da5760ad86ae962f1dfce382cb1731\">\n#top .av-special-heading.av-ksolbdot-e1da5760ad86ae962f1dfce382cb1731{\npadding-bottom:10px;\n}\n<\/style>\n<div  class='av-special-heading av-ksolbdot-e1da5760ad86ae962f1dfce382cb1731 av-special-heading-h3  avia-builder-el-15  el_after_av_one_half  el_before_av_textblock  '><h3 class='av-special-heading-tag '  itemprop=\"headline\"  >Cosa dicono i nostri clienti:<\/h3><div class='special-heading-border'><div class='special-heading-inner-border'><\/div><\/div><\/div>\n<section class=\"av_textblock_section \"  itemscope=\"itemscope\" itemtype=\"https:\/\/schema.org\/CreativeWork\" ><div class='avia_textblock  '   itemprop=\"text\" ><p><strong>\u201eDal 1995 il nostro partner nella fatturazione si chiama LOGon\u201c<\/strong><\/p>\n<p>Peter Schuster (Presidente W\u00e4rmewerk Rasen AG, il primo in Alto Adige)<\/p>\n<\/div><\/section>\n<section class=\"av_textblock_section \"  itemscope=\"itemscope\" itemtype=\"https:\/\/schema.org\/CreativeWork\" ><div class='avia_textblock  '   itemprop=\"text\" ><p><strong>\u201eIl software di teleriscaldamento di LOGon si \u00e8 sempre adattato perfettamente alle nostre esigenze!\u201c<\/strong><\/p>\n<p>Hermann Rienzner (Impianto di teleriscaldamento Welsberg Niederdorf Gen.)<\/p>\n<\/div><\/section>\n<section class=\"av_textblock_section \"  itemscope=\"itemscope\" itemtype=\"https:\/\/schema.org\/CreativeWork\" ><div class='avia_textblock  '   itemprop=\"text\" ><p><img loading=\"lazy\" class=\"alignnone wp-image-2491\" src=\"https:\/\/www.logon.it\/wp-content\/uploads\/2020\/12\/caloris_fwn1.jpg\" alt=\"xgla-fibu-software\" width=\"1000\" height=\"500\" \/><\/p>\n<\/div><\/section>\n","protected":false},"excerpt":{"rendered":"","protected":false},"author":1,"featured_media":0,"parent":2616,"menu_order":31,"comment_status":"open","ping_status":"closed","template":"","meta":{"_bbp_topic_count":0,"_bbp_reply_count":0,"_bbp_total_topic_count":0,"_bbp_total_reply_count":0,"_bbp_voice_count":0,"_bbp_anonymous_reply_count":0,"_bbp_topic_count_hidden":0,"_bbp_reply_count_hidden":0,"_bbp_forum_subforum_count":0},"_links":{"self":[{"href":"https:\/\/www.logon.it\/gestionale\/wp-json\/wp\/v2\/pages\/2991"}],"collection":[{"href":"https:\/\/www.logon.it\/gestionale\/wp-json\/wp\/v2\/pages"}],"about":[{"href":"https:\/\/www.logon.it\/gestionale\/wp-json\/wp\/v2\/types\/page"}],"author":[{"embeddable":true,"href":"https:\/\/www.logon.it\/gestionale\/wp-json\/wp\/v2\/users\/1"}],"replies":[{"embeddable":true,"href":"https:\/\/www.logon.it\/gestionale\/wp-json\/wp\/v2\/comments?post=2991"}],"version-history":[{"count":15,"href":"https:\/\/www.logon.it\/gestionale\/wp-json\/wp\/v2\/pages\/2991\/revisions"}],"predecessor-version":[{"id":3696,"href":"https:\/\/www.logon.it\/gestionale\/wp-json\/wp\/v2\/pages\/2991\/revisions\/3696"}],"up":[{"embeddable":true,"href":"https:\/\/www.logon.it\/gestionale\/wp-json\/wp\/v2\/pages\/2616"}],"wp:attachment":[{"href":"https:\/\/www.logon.it\/gestionale\/wp-json\/wp\/v2\/media?parent=2991"}],"curies":[{"name":"wp","href":"https:\/\/api.w.org\/{rel}","templated":true}]}}