{"id":3001,"date":"2013-10-15T06:45:51","date_gmt":"2013-10-15T04:45:51","guid":{"rendered":"http:\/\/www.logon.it\/?page_id=3001"},"modified":"2021-08-20T10:25:56","modified_gmt":"2021-08-20T08:25:56","slug":"software-su-misura","status":"publish","type":"page","link":"https:\/\/www.logon.it\/gestionale\/xgla4-software-gestionale-con-sistema-modulare\/software-su-misura\/","title":{"rendered":"Software su misura"},"content":{"rendered":"\n<style type=\"text\/css\" data-created_by=\"avia_inline_auto\" id=\"style-css-av-av_image-7fc9959eaa26ea4205e4d850b9bb92aa\">\n.avia-image-container.av-av_image-7fc9959eaa26ea4205e4d850b9bb92aa .av-image-caption-overlay-center{\ncolor:#ffffff;\n}\n<\/style>\n<div  class='avia-image-container av-av_image-7fc9959eaa26ea4205e4d850b9bb92aa av-styling- avia-align-center  avia-builder-el-0  el_before_av_one_third  avia-builder-el-first  '  itemprop=\"image\" itemscope=\"itemscope\" itemtype=\"https:\/\/schema.org\/ImageObject\" ><div class=\"avia-image-container-inner\"><div class=\"avia-image-overlay-wrap\"><img width=\"1000\" height=\"500\" class='wp-image-3137 avia-img-lazy-loading-not-3137 avia_image' src=\"https:\/\/www.logon.it\/wp-content\/uploads\/2013\/10\/klaus-1.jpg\" alt='' title='klaus-1'   itemprop=\"thumbnailUrl\" srcset=\"https:\/\/www.logon.it\/gestionale\/wp-content\/uploads\/2013\/10\/klaus-1.jpg 1000w, https:\/\/www.logon.it\/gestionale\/wp-content\/uploads\/2013\/10\/klaus-1-300x150.jpg 300w, https:\/\/www.logon.it\/gestionale\/wp-content\/uploads\/2013\/10\/klaus-1-450x225.jpg 450w\" sizes=\"(max-width: 1000px) 100vw, 1000px\" \/><\/div><\/div><\/div>\n<div class='flex_column av-av_one_third-2a9015ff38129c418a3f2eafba3e9512 av_one_third  avia-builder-el-1  el_after_av_image  el_before_av_one_third  first flex_column_div '   ><section class=\"av_textblock_section \"  itemscope=\"itemscope\" itemtype=\"https:\/\/schema.org\/CreativeWork\" ><div class='avia_textblock  '   itemprop=\"text\" ><p>Non tutti i programmi standard sono in grado di far fronte alle esigenze delle singole imprese. Spesso \u00e8 sufficiente solo qualche piccolo aggiustamento, altre volte si rende necessaria una programmazione ex novo. Un software sviluppato su misura, modellato esclusivamente sulle necessit\u00e0 individuali, \u00e8 in grado di accrescere sensibilmente efficienza e produttivit\u00e0 di un&#8217;azienda.<\/p>\n<\/div><\/section><\/div><div class='flex_column av-av_one_third-61f1f3fb8a14755dafdb04b8bcedc67a av_one_third  avia-builder-el-3  el_after_av_one_third  avia-builder-el-last  flex_column_div '   ><section class=\"av_textblock_section \"  itemscope=\"itemscope\" itemtype=\"https:\/\/schema.org\/CreativeWork\" ><div class='avia_textblock  '   itemprop=\"text\" ><p>La nostra esperienza di pi\u00f9 di 25 anni nel campo della programmazione di software ci permette di trovare la soluzione pi\u00f9 adatta per ciascuna azienda.<\/p>\n<\/div><\/section><\/div><\/p>\n","protected":false},"excerpt":{"rendered":"","protected":false},"author":1,"featured_media":0,"parent":2616,"menu_order":36,"comment_status":"open","ping_status":"closed","template":"","meta":{"_bbp_topic_count":0,"_bbp_reply_count":0,"_bbp_total_topic_count":0,"_bbp_total_reply_count":0,"_bbp_voice_count":0,"_bbp_anonymous_reply_count":0,"_bbp_topic_count_hidden":0,"_bbp_reply_count_hidden":0,"_bbp_forum_subforum_count":0},"_links":{"self":[{"href":"https:\/\/www.logon.it\/gestionale\/wp-json\/wp\/v2\/pages\/3001"}],"collection":[{"href":"https:\/\/www.logon.it\/gestionale\/wp-json\/wp\/v2\/pages"}],"about":[{"href":"https:\/\/www.logon.it\/gestionale\/wp-json\/wp\/v2\/types\/page"}],"author":[{"embeddable":true,"href":"https:\/\/www.logon.it\/gestionale\/wp-json\/wp\/v2\/users\/1"}],"replies":[{"embeddable":true,"href":"https:\/\/www.logon.it\/gestionale\/wp-json\/wp\/v2\/comments?post=3001"}],"version-history":[{"count":8,"href":"https:\/\/www.logon.it\/gestionale\/wp-json\/wp\/v2\/pages\/3001\/revisions"}],"predecessor-version":[{"id":3438,"href":"https:\/\/www.logon.it\/gestionale\/wp-json\/wp\/v2\/pages\/3001\/revisions\/3438"}],"up":[{"embeddable":true,"href":"https:\/\/www.logon.it\/gestionale\/wp-json\/wp\/v2\/pages\/2616"}],"wp:attachment":[{"href":"https:\/\/www.logon.it\/gestionale\/wp-json\/wp\/v2\/media?parent=3001"}],"curies":[{"name":"wp","href":"https:\/\/api.w.org\/{rel}","templated":true}]}}