{"id":3580,"date":"2015-06-08T15:07:38","date_gmt":"2015-06-08T13:07:38","guid":{"rendered":"http:\/\/www.logon.it\/gestionale\/?page_id=3580"},"modified":"2015-06-09T14:06:16","modified_gmt":"2015-06-09T12:06:16","slug":"cookies","status":"publish","type":"page","link":"https:\/\/www.logon.it\/gestionale\/chi-siamo\/cookies\/","title":{"rendered":"Cookies"},"content":{"rendered":"\n<style type=\"text\/css\" data-created_by=\"avia_inline_auto\" id=\"style-css-av-av_heading-f943a84e2886daff920143d4f7d4b43c\">\n#top .av-special-heading.av-av_heading-f943a84e2886daff920143d4f7d4b43c{\npadding-bottom:10px;\n}\n<\/style>\n<div  class='av-special-heading av-av_heading-f943a84e2886daff920143d4f7d4b43c av-special-heading-h3  avia-builder-el-0  el_before_av_one_full  avia-builder-el-first  '><h3 class='av-special-heading-tag '  itemprop=\"headline\"  >Cookie Policy<\/h3><div class='special-heading-border'><div class='special-heading-inner-border'><\/div><\/div><\/div>\n<div class='flex_column av-av_one_full-2a9015ff38129c418a3f2eafba3e9512 av_one_full  avia-builder-el-1  el_after_av_heading  avia-builder-el-last  first flex_column_div '   ><section class=\"av_textblock_section \"  itemscope=\"itemscope\" itemtype=\"https:\/\/schema.org\/CreativeWork\" ><div class='avia_textblock  '   itemprop=\"text\" ><p>Al fine di rendere pi\u00f9 comoda possibile la Sua visita al nostro sito web, per la presentazione del nostro assortimento di prodotti utilizziamo dei cookies. Si tratta di piccoli aggregati di testo registrati localmente nella memoria temporanea del Suo browser, e quindi nel Suo computer, per periodi di tempo variabili in funzione dell\u2019esigenza e generalmente compresi tra poche ore e alcuni anni, con l\u2019eccezione dei cookie di profilazione la cui durata massima \u00e8 di 365 giorni solari.<\/p>\n<p><strong>Tipologie di Ccookie<\/strong><\/p>\n<p>Questo sito fa uso di tre diverse tipologie di cookie:<\/p>\n<ul>\n<li>Cookie tecnici essenziali: questi cookie sono necessari per il corretto funzionamento del sito. Consentono la navigazione delle pagine, la condivisione dei nostri contenuti, la memorizzazione delle Sue credenziali di accesso per rendere pi\u00f9 rapido l\u2019ingresso nel sito e per mantenere attive le Sue preferenze e credenziali durante la navigazione. Senza questi cookie non potremmo fornire i servizi per i quali gli utenti accedono al sito.<\/li>\n<li>Cookie statistici e prestazionali: questi cookie ci permettono di vedere in che modo i visitatori utilizzano il sito, per poterne cos\u00ec valutare e migliorare il funzionamento e privilegiare la produzione di contenuti che meglio incontrano i bisogni informativi dei nostri utenti. Ad esempio, consentono di sapere quali sono le pagine pi\u00f9 e meno frequentate. Tengono conto, tra le altre cose, del numero di visitatori, del tempo trascorso sul sito dalla media degli utenti e delle modalit\u00e0 di arrivo di questi. In questo modo, possiamo sapere cosa funziona bene e cosa migliorare, oltre ad assicurarci che le pagine si carichino velocemente e siano visualizzate correttamente. Tutte le informazioni raccolte da questi cookie sono anonime e non collegate ai dati personali dell&#8217;utente.<\/li>\n<li>Cookie funzionali e di profilazione di terze parti: dato che in questo caso si tratta di cookies usati da altri siti (cosidetti cookies di terzi fornitori), vada sui seguenti link per ottenere ulteriori informazioni: <a title=\"Google Analytics, Maps e Youtube\" href=\"http:\/\/www.google.com\/intl\/it\/policies\/technologies\/cookies\/\" target=\"_blank\" rel=\"noopener\">Google Analytics, Maps e Youtube<\/a>.<\/li>\n<\/ul>\n<p><strong>Gestione dei cookie<\/strong><\/p>\n<p>Poich\u00e9 ciascun browser &#8211; e spesso diverse versioni dello stesso browser &#8211; differiscono anche sensibilmente le une dalle altre se preferisce agire autonomamente mediante le preferenze del Suo browser pu\u00f2 trovare informazioni dettagliate sulla procedura necessaria nella guida del Suo browser. Per una panoramica delle modalit\u00e0 di azione per i browser pi\u00f9 comuni, pu\u00f2 visitare l&#8217;indirizzo: <a title=\"Guida di Google\" href=\"https:\/\/support.google.com\/accounts\/answer\/32050\" target=\"_blank\" rel=\"noopener\">Guida di Google<\/a>.<\/p>\n<\/div><\/section><\/div>\n","protected":false},"excerpt":{"rendered":"","protected":false},"author":1,"featured_media":0,"parent":2823,"menu_order":6,"comment_status":"open","ping_status":"open","template":"","meta":{"_bbp_topic_count":0,"_bbp_reply_count":0,"_bbp_total_topic_count":0,"_bbp_total_reply_count":0,"_bbp_voice_count":0,"_bbp_anonymous_reply_count":0,"_bbp_topic_count_hidden":0,"_bbp_reply_count_hidden":0,"_bbp_forum_subforum_count":0},"_links":{"self":[{"href":"https:\/\/www.logon.it\/gestionale\/wp-json\/wp\/v2\/pages\/3580"}],"collection":[{"href":"https:\/\/www.logon.it\/gestionale\/wp-json\/wp\/v2\/pages"}],"about":[{"href":"https:\/\/www.logon.it\/gestionale\/wp-json\/wp\/v2\/types\/page"}],"author":[{"embeddable":true,"href":"https:\/\/www.logon.it\/gestionale\/wp-json\/wp\/v2\/users\/1"}],"replies":[{"embeddable":true,"href":"https:\/\/www.logon.it\/gestionale\/wp-json\/wp\/v2\/comments?post=3580"}],"version-history":[{"count":7,"href":"https:\/\/www.logon.it\/gestionale\/wp-json\/wp\/v2\/pages\/3580\/revisions"}],"predecessor-version":[{"id":3593,"href":"https:\/\/www.logon.it\/gestionale\/wp-json\/wp\/v2\/pages\/3580\/revisions\/3593"}],"up":[{"embeddable":true,"href":"https:\/\/www.logon.it\/gestionale\/wp-json\/wp\/v2\/pages\/2823"}],"wp:attachment":[{"href":"https:\/\/www.logon.it\/gestionale\/wp-json\/wp\/v2\/media?parent=3580"}],"curies":[{"name":"wp","href":"https:\/\/api.w.org\/{rel}","templated":true}]}}